{"id":3262,"date":"2024-01-11T19:13:54","date_gmt":"2024-01-11T16:13:54","guid":{"rendered":"http:\/\/mustrender.com\/mustrender\/"},"modified":"2025-07-15T15:58:24","modified_gmt":"2025-07-15T12:58:24","slug":"mustrender","status":"publish","type":"page","link":"https:\/\/mustrender.com\/it\/","title":{"rendered":"Mustrender"},"content":{"rendered":"\t\t<div data-elementor-type=\"wp-page\" data-elementor-id=\"3262\" class=\"elementor elementor-3262 elementor-231\" data-elementor-post-type=\"page\">\n\t\t\t\t\t\t<section class=\"elementor-section elementor-top-section elementor-element elementor-element-7323aaa elementor-section-height-min-height elementor-section-full_width elementor-section-height-default elementor-section-items-middle\" data-id=\"7323aaa\" data-element_type=\"section\" data-settings=\"{&quot;background_background&quot;:&quot;gradient&quot;}\">\n\t\t\t\t\t\t<div class=\"elementor-container elementor-column-gap-default\">\n\t\t\t\t\t<div class=\"elementor-column elementor-col-100 elementor-top-column elementor-element elementor-element-d913944\" data-id=\"d913944\" data-element_type=\"column\" data-settings=\"{&quot;background_background&quot;:&quot;gradient&quot;}\">\n\t\t\t<div class=\"elementor-widget-wrap elementor-element-populated\">\n\t\t\t\t\t\t<div class=\"elementor-element elementor-element-5e55656 elementor-widget elementor-widget-heading\" data-id=\"5e55656\" data-element_type=\"widget\" data-widget_type=\"heading.default\">\n\t\t\t\t<div class=\"elementor-widget-container\">\n\t\t\t<h2 class=\"elementor-heading-title elementor-size-default\"><a href=\"https:\/\/mustrender.com\/it\/products\/nuovi-arrivi\/\">SALDI ESTIVI<br><br><\/a><\/h2>\t\t<\/div>\n\t\t\t\t<\/div>\n\t\t\t\t\t<\/div>\n\t\t<\/div>\n\t\t\t\t\t<\/div>\n\t\t<\/section>\n\t\t\t\t<section class=\"elementor-section elementor-top-section elementor-element elementor-element-74e7aba elementor-hidden-mobile elementor-hidden-tablet elementor-section-full_width elementor-section-stretched elementor-section-height-default elementor-section-height-default\" data-id=\"74e7aba\" data-element_type=\"section\" data-settings=\"{&quot;background_background&quot;:&quot;classic&quot;,&quot;stretch_section&quot;:&quot;section-stretched&quot;}\">\n\t\t\t\t\t\t<div class=\"elementor-container elementor-column-gap-default\">\n\t\t\t\t\t<div class=\"elementor-column elementor-col-100 elementor-top-column elementor-element elementor-element-4029850\" data-id=\"4029850\" data-element_type=\"column\">\n\t\t\t<div class=\"elementor-widget-wrap elementor-element-populated\">\n\t\t\t\t\t\t<div class=\"elementor-element elementor-element-76cc9b8 elementor--h-position-left elementor--v-position-middle elementor-arrows-position-inside elementor-widget elementor-widget-slides\" data-id=\"76cc9b8\" data-element_type=\"widget\" data-settings=\"{&quot;navigation&quot;:&quot;arrows&quot;,&quot;autoplay_speed&quot;:3500,&quot;autoplay&quot;:&quot;yes&quot;,&quot;pause_on_hover&quot;:&quot;yes&quot;,&quot;pause_on_interaction&quot;:&quot;yes&quot;,&quot;infinite&quot;:&quot;yes&quot;,&quot;transition&quot;:&quot;slide&quot;,&quot;transition_speed&quot;:500}\" data-widget_type=\"slides.default\">\n\t\t\t\t<div class=\"elementor-widget-container\">\n\t\t\t\t\t<div class=\"elementor-swiper\">\n\t\t\t<div class=\"elementor-slides-wrapper elementor-main-swiper swiper\" dir=\"ltr\" data-animation=\"fadeInUp\">\n\t\t\t\t<div class=\"swiper-wrapper elementor-slides\">\n\t\t\t\t\t\t\t\t\t\t<div class=\"elementor-repeater-item-aae10b4 swiper-slide\"><div class=\"swiper-slide-bg\" role=\"img\"><\/div><a class=\"swiper-slide-inner\" href=\"https:\/\/mustrender.com\/it\/zhelda\/\"><div class=\"swiper-slide-contents\"><\/div><\/a><\/div><div class=\"elementor-repeater-item-c19d60d swiper-slide\"><div class=\"swiper-slide-bg\" role=\"img\"><\/div><a class=\"swiper-slide-inner\" href=\"https:\/\/mustrender.com\/it\/pomandere\/\"><div class=\"swiper-slide-contents\"><\/div><\/a><\/div><div class=\"elementor-repeater-item-678ec31 swiper-slide\"><div class=\"swiper-slide-bg\" role=\"img\"><\/div><a class=\"swiper-slide-inner\" href=\"https:\/\/mustrender.com\/it\/phisique-du-role\/\"><div class=\"swiper-slide-contents\"><\/div><\/a><\/div><div class=\"elementor-repeater-item-5820c8d swiper-slide\"><div class=\"swiper-slide-bg\" role=\"img\"><\/div><a class=\"swiper-slide-inner\" href=\"https:\/\/mustrender.com\/it\/kimonorain\/\"><div class=\"swiper-slide-contents\"><\/div><\/a><\/div><div class=\"elementor-repeater-item-251afae swiper-slide\"><div class=\"swiper-slide-bg\" role=\"img\"><\/div><a class=\"swiper-slide-inner\" href=\"https:\/\/mustrender.com\/it\/alysi\/\"><div class=\"swiper-slide-contents\"><\/div><\/a><\/div><div class=\"elementor-repeater-item-086a739 swiper-slide\"><div class=\"swiper-slide-bg\" role=\"img\"><\/div><a class=\"swiper-slide-inner\" href=\"https:\/\/mustrender.com\/it\/shop\/?filters=brand%5B1888%5D\"><div class=\"swiper-slide-contents\"><\/div><\/a><\/div>\t\t\t\t<\/div>\n\t\t\t\t\t\t\t\t\t\t\t\t\t\t\t\t\t\t\t\t<div class=\"elementor-swiper-button elementor-swiper-button-prev\" role=\"button\" tabindex=\"0\">\n\t\t\t\t\t\t\t<svg aria-hidden=\"true\" class=\"e-font-icon-svg e-eicon-chevron-left\" viewBox=\"0 0 1000 1000\" xmlns=\"http:\/\/www.w3.org\/2000\/svg\"><path d=\"M646 125C629 125 613 133 604 142L308 442C296 454 292 471 292 487 292 504 296 521 308 533L604 854C617 867 629 875 646 875 663 875 679 871 692 858 704 846 713 829 713 812 713 796 708 779 692 767L438 487 692 225C700 217 708 204 708 187 708 171 704 154 692 142 675 129 663 125 646 125Z\"><\/path><\/svg>\t\t\t\t\t\t\t<span class=\"elementor-screen-only\">Diapositiva precedente<\/span>\n\t\t\t\t\t\t<\/div>\n\t\t\t\t\t\t<div class=\"elementor-swiper-button elementor-swiper-button-next\" role=\"button\" tabindex=\"0\">\n\t\t\t\t\t\t\t<svg aria-hidden=\"true\" class=\"e-font-icon-svg e-eicon-chevron-right\" viewBox=\"0 0 1000 1000\" xmlns=\"http:\/\/www.w3.org\/2000\/svg\"><path d=\"M696 533C708 521 713 504 713 487 713 471 708 454 696 446L400 146C388 133 375 125 354 125 338 125 325 129 313 142 300 154 292 171 292 187 292 204 296 221 308 233L563 492 304 771C292 783 288 800 288 817 288 833 296 850 308 863 321 871 338 875 354 875 371 875 388 867 400 854L696 533Z\"><\/path><\/svg>\t\t\t\t\t\t\t<span class=\"elementor-screen-only\">Prossima diapositiva<\/span>\n\t\t\t\t\t\t<\/div>\n\t\t\t\t\t\t\t\t\t\t\t\t<\/div>\n\t\t<\/div>\n\t\t\t\t<\/div>\n\t\t\t\t<\/div>\n\t\t\t\t\t<\/div>\n\t\t<\/div>\n\t\t\t\t\t<\/div>\n\t\t<\/section>\n\t\t<div class=\"elementor-element elementor-element-7a20954d elementor-hidden-desktop elementor-hidden-tablet elementor-hidden-mobile e-flex e-con-boxed e-con e-parent\" data-id=\"7a20954d\" data-element_type=\"container\">\n\t\t\t\t\t<div class=\"e-con-inner\">\n\t\t<a class=\"eael-wrapper-link-32151155 --eael-wrapper-link-tag\" href=\"\/it\/products\/giacche-e-cappotti\/\"><\/a><div data-eael-wrapper-link=\"eael-wrapper-link-32151155\" class=\"elementor-element elementor-element-32151155 e-con-full e-flex e-con e-child\" data-id=\"32151155\" data-element_type=\"container\" data-settings=\"{&quot;background_background&quot;:&quot;classic&quot;}\">\n\t\t\t\t<div class=\"elementor-element elementor-element-6a52b4d3 elementor-align-center elementor-widget elementor-widget-button\" data-id=\"6a52b4d3\" data-element_type=\"widget\" data-widget_type=\"button.default\">\n\t\t\t\t<div class=\"elementor-widget-container\">\n\t\t\t\t\t<div class=\"elementor-button-wrapper\">\n\t\t\t<a class=\"elementor-button elementor-button-link elementor-size-sm\" href=\"\/it\/products\/giacche-e-cappotti\/\">\n\t\t\t\t\t\t<span class=\"elementor-button-content-wrapper\">\n\t\t\t\t\t\t\t\t\t<span class=\"elementor-button-text\">Giacche e cappotti<\/span>\n\t\t\t\t\t<\/span>\n\t\t\t\t\t<\/a>\n\t\t<\/div>\n\t\t\t\t<\/div>\n\t\t\t\t<\/div>\n\t\t\t\t<\/div>\n\t\t<a class=\"eael-wrapper-link-2cf1aec3 --eael-wrapper-link-tag\" href=\"\/it\/products\/maglieria-e-gilet\/\"><\/a><div data-eael-wrapper-link=\"eael-wrapper-link-2cf1aec3\" class=\"elementor-element elementor-element-2cf1aec3 e-con-full e-flex e-con e-child\" data-id=\"2cf1aec3\" data-element_type=\"container\" data-settings=\"{&quot;background_background&quot;:&quot;classic&quot;}\">\n\t\t\t\t<div class=\"elementor-element elementor-element-13928dde elementor-align-center elementor-widget elementor-widget-button\" data-id=\"13928dde\" data-element_type=\"widget\" data-widget_type=\"button.default\">\n\t\t\t\t<div class=\"elementor-widget-container\">\n\t\t\t\t\t<div class=\"elementor-button-wrapper\">\n\t\t\t<a class=\"elementor-button elementor-button-link elementor-size-sm\" href=\"\/it\/products\/maglieria-e-gilet\/\">\n\t\t\t\t\t\t<span class=\"elementor-button-content-wrapper\">\n\t\t\t\t\t\t\t\t\t<span class=\"elementor-button-text\">Maglieria e gilet<\/span>\n\t\t\t\t\t<\/span>\n\t\t\t\t\t<\/a>\n\t\t<\/div>\n\t\t\t\t<\/div>\n\t\t\t\t<\/div>\n\t\t\t\t<\/div>\n\t\t<a class=\"eael-wrapper-link-4bbb96a3 --eael-wrapper-link-tag\" href=\"\/it\/products\/pantaloni-e-gonne-it\/\"><\/a><div data-eael-wrapper-link=\"eael-wrapper-link-4bbb96a3\" class=\"elementor-element elementor-element-4bbb96a3 e-con-full e-flex e-con e-child\" data-id=\"4bbb96a3\" data-element_type=\"container\" data-settings=\"{&quot;background_background&quot;:&quot;classic&quot;}\">\n\t\t\t\t<div class=\"elementor-element elementor-element-2db7257c elementor-align-center elementor-widget elementor-widget-button\" data-id=\"2db7257c\" data-element_type=\"widget\" data-widget_type=\"button.default\">\n\t\t\t\t<div class=\"elementor-widget-container\">\n\t\t\t\t\t<div class=\"elementor-button-wrapper\">\n\t\t\t<a class=\"elementor-button elementor-button-link elementor-size-sm\" href=\"\/it\/products\/pantaloni-e-gonne-it\/\">\n\t\t\t\t\t\t<span class=\"elementor-button-content-wrapper\">\n\t\t\t\t\t\t\t\t\t<span class=\"elementor-button-text\">Pantaloni e gonne<\/span>\n\t\t\t\t\t<\/span>\n\t\t\t\t\t<\/a>\n\t\t<\/div>\n\t\t\t\t<\/div>\n\t\t\t\t<\/div>\n\t\t\t\t<\/div>\n\t\t<a class=\"eael-wrapper-link-2ce65d94 --eael-wrapper-link-tag\" href=\"\/it\/products\/camicie-e-t-shirt\/\"><\/a><div data-eael-wrapper-link=\"eael-wrapper-link-2ce65d94\" class=\"elementor-element elementor-element-2ce65d94 e-con-full e-flex e-con e-child\" data-id=\"2ce65d94\" data-element_type=\"container\" data-settings=\"{&quot;background_background&quot;:&quot;classic&quot;}\">\n\t\t\t\t<div class=\"elementor-element elementor-element-5ea41964 elementor-align-center elementor-widget elementor-widget-button\" data-id=\"5ea41964\" data-element_type=\"widget\" data-widget_type=\"button.default\">\n\t\t\t\t<div class=\"elementor-widget-container\">\n\t\t\t\t\t<div class=\"elementor-button-wrapper\">\n\t\t\t<a class=\"elementor-button elementor-button-link elementor-size-sm\" href=\"\/it\/products\/camicie-e-t-shirt\/\">\n\t\t\t\t\t\t<span class=\"elementor-button-content-wrapper\">\n\t\t\t\t\t\t\t\t\t<span class=\"elementor-button-text\">Camicie e t-shirt<\/span>\n\t\t\t\t\t<\/span>\n\t\t\t\t\t<\/a>\n\t\t<\/div>\n\t\t\t\t<\/div>\n\t\t\t\t<\/div>\n\t\t\t\t<\/div>\n\t\t<a class=\"eael-wrapper-link-f893a5c --eael-wrapper-link-tag\" href=\"\/it\/products\/vestiti\/\"><\/a><div data-eael-wrapper-link=\"eael-wrapper-link-f893a5c\" class=\"elementor-element elementor-element-f893a5c e-con-full e-flex e-con e-child\" data-id=\"f893a5c\" data-element_type=\"container\" data-settings=\"{&quot;background_background&quot;:&quot;classic&quot;}\">\n\t\t\t\t<div class=\"elementor-element elementor-element-614dd8d0 elementor-align-center elementor-widget elementor-widget-button\" data-id=\"614dd8d0\" data-element_type=\"widget\" data-widget_type=\"button.default\">\n\t\t\t\t<div class=\"elementor-widget-container\">\n\t\t\t\t\t<div class=\"elementor-button-wrapper\">\n\t\t\t<a class=\"elementor-button elementor-button-link elementor-size-sm\" href=\"\/it\/products\/vestiti\/\">\n\t\t\t\t\t\t<span class=\"elementor-button-content-wrapper\">\n\t\t\t\t\t\t\t\t\t<span class=\"elementor-button-text\">Vestiti<\/span>\n\t\t\t\t\t<\/span>\n\t\t\t\t\t<\/a>\n\t\t<\/div>\n\t\t\t\t<\/div>\n\t\t\t\t<\/div>\n\t\t\t\t<\/div>\n\t\t<a class=\"eael-wrapper-link-2dbda129 --eael-wrapper-link-tag\" href=\"\/it\/products\/scarpe-e-accessori\/\"><\/a><div data-eael-wrapper-link=\"eael-wrapper-link-2dbda129\" class=\"elementor-element elementor-element-2dbda129 e-con-full e-flex e-con e-child\" data-id=\"2dbda129\" data-element_type=\"container\" data-settings=\"{&quot;background_background&quot;:&quot;classic&quot;}\">\n\t\t\t\t<div class=\"elementor-element elementor-element-46dda215 elementor-align-center elementor-widget elementor-widget-button\" data-id=\"46dda215\" data-element_type=\"widget\" data-widget_type=\"button.default\">\n\t\t\t\t<div class=\"elementor-widget-container\">\n\t\t\t\t\t<div class=\"elementor-button-wrapper\">\n\t\t\t<a class=\"elementor-button elementor-button-link elementor-size-sm\" href=\"\/it\/products\/scarpe-e-accessori\/\">\n\t\t\t\t\t\t<span class=\"elementor-button-content-wrapper\">\n\t\t\t\t\t\t\t\t\t<span class=\"elementor-button-text\">Scarpe e accessori<\/span>\n\t\t\t\t\t<\/span>\n\t\t\t\t\t<\/a>\n\t\t<\/div>\n\t\t\t\t<\/div>\n\t\t\t\t<\/div>\n\t\t\t\t<\/div>\n\t\t\t\t\t<\/div>\n\t\t\t\t<\/div>\n\t\t\t\t<section class=\"elementor-section elementor-top-section elementor-element elementor-element-5165668 elementor-section-boxed elementor-section-height-default elementor-section-height-default\" data-id=\"5165668\" data-element_type=\"section\">\n\t\t\t\t\t\t<div class=\"elementor-container elementor-column-gap-default\">\n\t\t\t\t\t<div class=\"elementor-column elementor-col-100 elementor-top-column elementor-element elementor-element-7c15913\" data-id=\"7c15913\" data-element_type=\"column\">\n\t\t\t<div class=\"elementor-widget-wrap elementor-element-populated\">\n\t\t\t\t\t\t<div class=\"elementor-element elementor-element-333cf7b elementor-widget elementor-widget-heading\" data-id=\"333cf7b\" data-element_type=\"widget\" data-widget_type=\"heading.default\">\n\t\t\t\t<div class=\"elementor-widget-container\">\n\t\t\t<h2 class=\"elementor-heading-title elementor-size-default\">Mustrender - marchi di abbigliamento femminile di alta qualit\u00e1<\/h2>\t\t<\/div>\n\t\t\t\t<\/div>\n\t\t\t\t<div class=\"elementor-element elementor-element-fd08837 elementor-widget-mobile__width-inherit elementor-widget elementor-widget-text-editor\" data-id=\"fd08837\" data-element_type=\"widget\" data-widget_type=\"text-editor.default\">\n\t\t\t\t<div class=\"elementor-widget-container\">\n\t\t\t\t\t\t\t<p>Puntiamo a promuovere marchi di abbigliamento femminile e designer emergenti con una storia da raccontare, che condividono la nostra visione sulla qualit\u00e0 dei prodotti, sostenibilit\u00e0 e slow fashion. Mustrender online shop \u00e8 per chi \u00e8 curioso della moda e attento all\u2019ambiente, per chi sceglie sempre la qualit\u00e0 e ha uno stile individuale.<b><br><\/b><\/p>\t\t\t\t\t\t<\/div>\n\t\t\t\t<\/div>\n\t\t\t\t\t<\/div>\n\t\t<\/div>\n\t\t\t\t\t<\/div>\n\t\t<\/section>\n\t\t\t\t<section class=\"elementor-section elementor-top-section elementor-element elementor-element-7c21b8f elementor-section-boxed elementor-section-height-default elementor-section-height-default\" data-id=\"7c21b8f\" data-element_type=\"section\">\n\t\t\t\t\t\t<div class=\"elementor-container elementor-column-gap-default\">\n\t\t\t\t\t<div class=\"elementor-column elementor-col-100 elementor-top-column elementor-element elementor-element-57f4fff\" data-id=\"57f4fff\" data-element_type=\"column\">\n\t\t\t<div class=\"elementor-widget-wrap elementor-element-populated\">\n\t\t\t\t\t\t<div class=\"elementor-element elementor-element-28ce04d elementor-widget elementor-widget-heading\" data-id=\"28ce04d\" data-element_type=\"widget\" data-widget_type=\"heading.default\">\n\t\t\t\t<div class=\"elementor-widget-container\">\n\t\t\t<h2 class=\"elementor-heading-title elementor-size-default\">BLOG<\/h2>\t\t<\/div>\n\t\t\t\t<\/div>\n\t\t\t\t<div class=\"elementor-element elementor-element-2c20d44 elementor-grid-3 elementor-grid-tablet-2 elementor-grid-mobile-1 elementor-widget elementor-widget-portfolio\" data-id=\"2c20d44\" data-element_type=\"widget\" data-settings=\"{&quot;row_gap&quot;:{&quot;unit&quot;:&quot;px&quot;,&quot;size&quot;:20,&quot;sizes&quot;:[]},&quot;columns&quot;:&quot;3&quot;,&quot;columns_tablet&quot;:&quot;2&quot;,&quot;columns_mobile&quot;:&quot;1&quot;,&quot;item_ratio&quot;:{&quot;unit&quot;:&quot;px&quot;,&quot;size&quot;:0.66000000000000003108624468950438313186168670654296875,&quot;sizes&quot;:[]},&quot;item_gap&quot;:{&quot;unit&quot;:&quot;px&quot;,&quot;size&quot;:&quot;&quot;,&quot;sizes&quot;:[]}}\" data-widget_type=\"portfolio.default\">\n\t\t\t\t<div class=\"elementor-widget-container\">\n\t\t\t\t\t<div class=\"elementor-portfolio elementor-grid elementor-posts-container\">\n\t\t\t\t<article class=\"elementor-portfolio-item elementor-post elementor-filter-5 post-19481 post type-post status-publish format-standard has-post-thumbnail hentry category-non-categorizzato\">\n\t\t\t<a class=\"elementor-post__thumbnail__link\" href=\"https:\/\/mustrender.com\/it\/lino\/\">\n\t\t\t\t<div class=\"elementor-portfolio-item__img elementor-post__thumbnail\">\n\t\t\t<img fetchpriority=\"high\" decoding=\"async\" width=\"1200\" height=\"628\" src=\"https:\/\/mustrender.com\/wp-content\/uploads\/2024\/05\/lina-mix.png\" class=\"attachment-full size-full wp-image-19164\" alt=\"\" srcset=\"https:\/\/mustrender.com\/wp-content\/uploads\/2024\/05\/lina-mix.png 1200w, https:\/\/mustrender.com\/wp-content\/uploads\/2024\/05\/lina-mix-768x402.png 768w\" sizes=\"(max-width: 1200px) 100vw, 1200px\" \/>\t\t<\/div>\n\t\t\t\t<div class=\"elementor-portfolio-item__overlay\">\n\t\t\t\t<h3 class=\"elementor-portfolio-item__title\">\n\t\tLINO &#8211; comfort e eleganza\t\t<\/h3>\n\t\t\t\t<\/div>\n\t\t\t\t<\/a>\n\t\t<\/article>\n\t\t\t\t<article class=\"elementor-portfolio-item elementor-post elementor-filter-5 post-18104 post type-post status-publish format-standard has-post-thumbnail hentry category-non-categorizzato\">\n\t\t\t<a class=\"elementor-post__thumbnail__link\" href=\"https:\/\/mustrender.com\/it\/guabello-1815\/\">\n\t\t\t\t<div class=\"elementor-portfolio-item__img elementor-post__thumbnail\">\n\t\t\t<img decoding=\"async\" width=\"1184\" height=\"812\" src=\"https:\/\/mustrender.com\/wp-content\/uploads\/2024\/04\/guabello.jpg\" class=\"attachment-full size-full wp-image-18096\" alt=\"\" srcset=\"https:\/\/mustrender.com\/wp-content\/uploads\/2024\/04\/guabello.jpg 1184w, https:\/\/mustrender.com\/wp-content\/uploads\/2024\/04\/guabello-768x527.jpg 768w\" sizes=\"(max-width: 1184px) 100vw, 1184px\" \/>\t\t<\/div>\n\t\t\t\t<div class=\"elementor-portfolio-item__overlay\">\n\t\t\t\t<h3 class=\"elementor-portfolio-item__title\">\n\t\tGUABELLO 1815\t\t<\/h3>\n\t\t\t\t<\/div>\n\t\t\t\t<\/a>\n\t\t<\/article>\n\t\t\t\t<article class=\"elementor-portfolio-item elementor-post elementor-filter-5 post-3758 post type-post status-publish format-standard has-post-thumbnail hentry category-non-categorizzato\">\n\t\t\t<a class=\"elementor-post__thumbnail__link\" href=\"https:\/\/mustrender.com\/it\/oeko-tex\/\">\n\t\t\t\t<div class=\"elementor-portfolio-item__img elementor-post__thumbnail\">\n\t\t\t<img decoding=\"async\" width=\"1000\" height=\"750\" src=\"https:\/\/mustrender.com\/wp-content\/uploads\/2024\/03\/Oeko-Tex.jpg\" class=\"attachment-full size-full wp-image-3748\" alt=\"\" srcset=\"https:\/\/mustrender.com\/wp-content\/uploads\/2024\/03\/Oeko-Tex.jpg 1000w, https:\/\/mustrender.com\/wp-content\/uploads\/2024\/03\/Oeko-Tex-768x576.jpg 768w\" sizes=\"(max-width: 1000px) 100vw, 1000px\" \/>\t\t<\/div>\n\t\t\t\t<div class=\"elementor-portfolio-item__overlay\">\n\t\t\t\t<h3 class=\"elementor-portfolio-item__title\">\n\t\tOEKO-TEX\u00ae\t\t<\/h3>\n\t\t\t\t<\/div>\n\t\t\t\t<\/a>\n\t\t<\/article>\n\t\t\t\t<article class=\"elementor-portfolio-item elementor-post elementor-filter-5 post-3742 post type-post status-publish format-standard has-post-thumbnail hentry category-non-categorizzato\">\n\t\t\t<a class=\"elementor-post__thumbnail__link\" href=\"https:\/\/mustrender.com\/it\/icea\/\">\n\t\t\t\t<div class=\"elementor-portfolio-item__img elementor-post__thumbnail\">\n\t\t\t<img loading=\"lazy\" decoding=\"async\" width=\"384\" height=\"384\" src=\"https:\/\/mustrender.com\/wp-content\/uploads\/2024\/03\/8810c5a282e8a460c8ba19d369390e4f43e9387f-md-noborder-ezgif.com-webp-to-jpg-converter.jpg\" class=\"attachment-full size-full wp-image-3732\" alt=\"\" srcset=\"https:\/\/mustrender.com\/wp-content\/uploads\/2024\/03\/8810c5a282e8a460c8ba19d369390e4f43e9387f-md-noborder-ezgif.com-webp-to-jpg-converter.jpg 384w, https:\/\/mustrender.com\/wp-content\/uploads\/2024\/03\/8810c5a282e8a460c8ba19d369390e4f43e9387f-md-noborder-ezgif.com-webp-to-jpg-converter-100x100.jpg 100w\" sizes=\"(max-width: 384px) 100vw, 384px\" \/>\t\t<\/div>\n\t\t\t\t<div class=\"elementor-portfolio-item__overlay\">\n\t\t\t\t<h3 class=\"elementor-portfolio-item__title\">\n\t\tICEA\t\t<\/h3>\n\t\t\t\t<\/div>\n\t\t\t\t<\/a>\n\t\t<\/article>\n\t\t\t\t<article class=\"elementor-portfolio-item elementor-post elementor-filter-5 post-3727 post type-post status-publish format-standard has-post-thumbnail hentry category-non-categorizzato\">\n\t\t\t<a class=\"elementor-post__thumbnail__link\" href=\"https:\/\/mustrender.com\/it\/the-gots\/\">\n\t\t\t\t<div class=\"elementor-portfolio-item__img elementor-post__thumbnail\">\n\t\t\t<img loading=\"lazy\" decoding=\"async\" width=\"2560\" height=\"1112\" src=\"https:\/\/mustrender.com\/wp-content\/uploads\/2024\/03\/gots-scaled.jpeg\" class=\"attachment-full size-full wp-image-3712\" alt=\"\" srcset=\"https:\/\/mustrender.com\/wp-content\/uploads\/2024\/03\/gots-scaled.jpeg 2560w, https:\/\/mustrender.com\/wp-content\/uploads\/2024\/03\/gots-scaled-768x334.jpeg 768w, https:\/\/mustrender.com\/wp-content\/uploads\/2024\/03\/gots-scaled-1536x667.jpeg 1536w, https:\/\/mustrender.com\/wp-content\/uploads\/2024\/03\/gots-scaled-2048x890.jpeg 2048w\" sizes=\"(max-width: 2560px) 100vw, 2560px\" \/>\t\t<\/div>\n\t\t\t\t<div class=\"elementor-portfolio-item__overlay\">\n\t\t\t\t<h3 class=\"elementor-portfolio-item__title\">\n\t\tThe &#8220;GOTS&#8221;\t\t<\/h3>\n\t\t\t\t<\/div>\n\t\t\t\t<\/a>\n\t\t<\/article>\n\t\t\t\t<article class=\"elementor-portfolio-item elementor-post elementor-filter-5 post-3704 post type-post status-publish format-standard has-post-thumbnail hentry category-non-categorizzato\">\n\t\t\t<a class=\"elementor-post__thumbnail__link\" href=\"https:\/\/mustrender.com\/it\/european-flax\/\">\n\t\t\t\t<div class=\"elementor-portfolio-item__img elementor-post__thumbnail\">\n\t\t\t<img loading=\"lazy\" decoding=\"async\" width=\"1184\" height=\"812\" src=\"https:\/\/mustrender.com\/wp-content\/uploads\/2024\/03\/certification-European-Flax\u2122-.jpg\" class=\"attachment-full size-full wp-image-3698\" alt=\"\" srcset=\"https:\/\/mustrender.com\/wp-content\/uploads\/2024\/03\/certification-European-Flax\u2122-.jpg 1184w, https:\/\/mustrender.com\/wp-content\/uploads\/2024\/03\/certification-European-Flax\u2122--768x527.jpg 768w\" sizes=\"(max-width: 1184px) 100vw, 1184px\" \/>\t\t<\/div>\n\t\t\t\t<div class=\"elementor-portfolio-item__overlay\">\n\t\t\t\t<h3 class=\"elementor-portfolio-item__title\">\n\t\tEuropean Flax\t\t<\/h3>\n\t\t\t\t<\/div>\n\t\t\t\t<\/a>\n\t\t<\/article>\n\t\t\t\t<\/div>\n\t\t\t\t<\/div>\n\t\t\t\t<\/div>\n\t\t\t\t\t<\/div>\n\t\t<\/div>\n\t\t\t\t\t<\/div>\n\t\t<\/section>\n\t\t\t\t<\/div>\n\t\t","protected":false},"excerpt":{"rendered":"<p>SALDI ESTIVI Previous slide Next slide Giacche e cappotti Maglieria e gilet Pantaloni e gonne Camicie e t-shirt Vestiti Scarpe e accessori Mustrender &#8211; marchi di abbigliamento femminile di alta qualit\u00e1 Puntiamo a promuovere marchi di abbigliamento femminile e designer emergenti con una storia da raccontare, che condividono la nostra visione sulla qualit\u00e0 dei prodotti, [&hellip;]<\/p>\n","protected":false},"author":3,"featured_media":0,"parent":0,"menu_order":0,"comment_status":"closed","ping_status":"closed","template":"","meta":{"footnotes":""},"class_list":["post-3262","page","type-page","status-publish","hentry"],"_links":{"self":[{"href":"https:\/\/mustrender.com\/it\/wp-json\/wp\/v2\/pages\/3262","targetHints":{"allow":["GET"]}}],"collection":[{"href":"https:\/\/mustrender.com\/it\/wp-json\/wp\/v2\/pages"}],"about":[{"href":"https:\/\/mustrender.com\/it\/wp-json\/wp\/v2\/types\/page"}],"author":[{"embeddable":true,"href":"https:\/\/mustrender.com\/it\/wp-json\/wp\/v2\/users\/3"}],"replies":[{"embeddable":true,"href":"https:\/\/mustrender.com\/it\/wp-json\/wp\/v2\/comments?post=3262"}],"version-history":[{"count":5,"href":"https:\/\/mustrender.com\/it\/wp-json\/wp\/v2\/pages\/3262\/revisions"}],"predecessor-version":[{"id":35524,"href":"https:\/\/mustrender.com\/it\/wp-json\/wp\/v2\/pages\/3262\/revisions\/35524"}],"wp:attachment":[{"href":"https:\/\/mustrender.com\/it\/wp-json\/wp\/v2\/media?parent=3262"}],"curies":[{"name":"wp","href":"https:\/\/api.w.org\/{rel}","templated":true}]}}