{"id":28026,"date":"2024-09-27T07:47:02","date_gmt":"2024-09-27T04:47:02","guid":{"rendered":"https:\/\/mustrender.com\/product\/malfile-satiinist-puksid\/"},"modified":"2025-04-11T14:57:57","modified_gmt":"2025-04-11T11:57:57","slug":"malfile-satiinist-puksid","status":"publish","type":"product","link":"https:\/\/mustrender.com\/et\/toode\/malfile-satiinist-puksid\/","title":{"rendered":"Malfil\u00e9 satiinist p\u00fcksid"},"content":{"rendered":"","protected":false},"excerpt":{"rendered":"<p><strong>Alysi<\/strong><\/p>\n<p>Satiinp\u00fcksid<\/p>\n<p>\u2022 kergelt laienevad p\u00fcksid<\/p>\n<p>\u2022 viigid<\/p>\n<p>\u2022 k\u00fcljetaskud ja n\u00f6\u00f6biga tagatasku<\/p>\n<p>\u2022 peidetud lukk-kinnis ja v\u00f6\u00f6aasad<\/p>\n<p>\u2022 valmistatud Itaalias<\/p>\n","protected":false},"featured_media":33882,"comment_status":"closed","ping_status":"closed","template":"","meta":[],"product_cat":[1181,1526],"product_tag":[1500],"class_list":{"0":"post-28026","1":"product","2":"type-product","3":"status-publish","4":"has-post-thumbnail","6":"product_cat-outlet-et","7":"product_cat-puksid-ja-seelikud-2","8":"product_tag-alysi-et","9":"pa_colour-tume-pruun","10":"pa_composition-69-viskoos-31-linane","11":"pa_designer-colour-caffe-et","12":"pa_size-xs-et","13":"pa_size-s-et","14":"pa_size-m-et","15":"pa_size-l-et","16":"pa_size-xl-et","18":"first","19":"instock","20":"purchasable","21":"product-type-variable"},"_links":{"self":[{"href":"https:\/\/mustrender.com\/et\/wp-json\/wp\/v2\/product\/28026","targetHints":{"allow":["GET"]}}],"collection":[{"href":"https:\/\/mustrender.com\/et\/wp-json\/wp\/v2\/product"}],"about":[{"href":"https:\/\/mustrender.com\/et\/wp-json\/wp\/v2\/types\/product"}],"replies":[{"embeddable":true,"href":"https:\/\/mustrender.com\/et\/wp-json\/wp\/v2\/comments?post=28026"}],"wp:featuredmedia":[{"embeddable":true,"href":"https:\/\/mustrender.com\/et\/wp-json\/wp\/v2\/media\/33882"}],"wp:attachment":[{"href":"https:\/\/mustrender.com\/et\/wp-json\/wp\/v2\/media?parent=28026"}],"wp:term":[{"taxonomy":"product_cat","embeddable":true,"href":"https:\/\/mustrender.com\/et\/wp-json\/wp\/v2\/product_cat?post=28026"},{"taxonomy":"product_tag","embeddable":true,"href":"https:\/\/mustrender.com\/et\/wp-json\/wp\/v2\/product_tag?post=28026"}],"curies":[{"name":"wp","href":"https:\/\/api.w.org\/{rel}","templated":true}]}}