{"id":27908,"date":"2024-09-27T07:25:23","date_gmt":"2024-09-27T04:25:23","guid":{"rendered":"https:\/\/mustrender.com\/product\/puuvillane-punasetriibuline-t-sark\/"},"modified":"2024-09-27T18:04:00","modified_gmt":"2024-09-27T15:04:00","slug":"puuvillane-punasetriibuline-t-sark","status":"publish","type":"product","link":"https:\/\/mustrender.com\/et\/toode\/puuvillane-punasetriibuline-t-sark\/","title":{"rendered":"Puuvillane punasetriibuline T-s\u00e4rk"},"content":{"rendered":"","protected":false},"excerpt":{"rendered":"<p><strong>Zhelda<\/strong><\/p>\n<p>Triibuline puuvillane T-s\u00e4rk<\/p>\n<ul>\n<li>paatkaelus<\/li>\n<li>\u00fclesk\u00e4\u00e4ritud \u00e4\u00e4rega l\u00fchikesed varrukad<\/li>\n<li>valmistatud Itaalias<\/li>\n<\/ul>\n","protected":false},"featured_media":15935,"comment_status":"closed","ping_status":"closed","template":"","meta":[],"product_cat":[1181,1522],"product_tag":[1510],"class_list":{"0":"post-27908","1":"product","2":"type-product","3":"status-publish","4":"has-post-thumbnail","6":"product_cat-outlet-et","7":"product_cat-pluusid-ja-t-sargid-2","8":"product_tag-zhelda-et","9":"pa_colour-valge-punane","10":"pa_composition-100-puuvill","11":"pa_designer-colour-naturale-watermelon-et","12":"pa_size-xs-et","13":"pa_size-s-et","14":"pa_size-m-et","15":"pa_size-l-et","16":"pa_size-xl-et","18":"first","19":"instock","20":"product-type-variable"},"_links":{"self":[{"href":"https:\/\/mustrender.com\/et\/wp-json\/wp\/v2\/product\/27908","targetHints":{"allow":["GET"]}}],"collection":[{"href":"https:\/\/mustrender.com\/et\/wp-json\/wp\/v2\/product"}],"about":[{"href":"https:\/\/mustrender.com\/et\/wp-json\/wp\/v2\/types\/product"}],"replies":[{"embeddable":true,"href":"https:\/\/mustrender.com\/et\/wp-json\/wp\/v2\/comments?post=27908"}],"wp:featuredmedia":[{"embeddable":true,"href":"https:\/\/mustrender.com\/et\/wp-json\/wp\/v2\/media\/15935"}],"wp:attachment":[{"href":"https:\/\/mustrender.com\/et\/wp-json\/wp\/v2\/media?parent=27908"}],"wp:term":[{"taxonomy":"product_cat","embeddable":true,"href":"https:\/\/mustrender.com\/et\/wp-json\/wp\/v2\/product_cat?post=27908"},{"taxonomy":"product_tag","embeddable":true,"href":"https:\/\/mustrender.com\/et\/wp-json\/wp\/v2\/product_tag?post=27908"}],"curies":[{"name":"wp","href":"https:\/\/api.w.org\/{rel}","templated":true}]}}