{"id":27869,"date":"2024-09-27T07:27:17","date_gmt":"2024-09-27T04:27:17","guid":{"rendered":"https:\/\/mustrender.com\/product\/punane-lurex-jersey-topp\/"},"modified":"2024-09-27T18:02:57","modified_gmt":"2024-09-27T15:02:57","slug":"punane-lurex-jersey-topp","status":"publish","type":"product","link":"https:\/\/mustrender.com\/et\/toode\/punane-lurex-jersey-topp\/","title":{"rendered":"Punane lurex jersey topp"},"content":{"rendered":"","protected":false},"excerpt":{"rendered":"<p><strong>Zhelda<\/strong><\/p>\n<p>Lurex jersey kangast maika<\/p>\n<ul>\n<li>taga avar \u00f5mblemata \u00e4\u00e4rega kaelus<\/li>\n<li>as\u00fcmmeetriline all\u00e4\u00e4r<\/li>\n<li>valmistatud Itaalias<\/li>\n<\/ul>\n","protected":false},"featured_media":15225,"comment_status":"closed","ping_status":"closed","template":"","meta":[],"product_cat":[1181,1522],"product_tag":[1510],"class_list":{"0":"post-27869","1":"product","2":"type-product","3":"status-publish","4":"has-post-thumbnail","6":"product_cat-outlet-et","7":"product_cat-pluusid-ja-t-sargid-2","8":"product_tag-zhelda-et","9":"pa_colour-punane","10":"pa_composition-73-puuvill-16-poluester-11-poluamiid-et","11":"pa_designer-colour-watermelon-et","12":"pa_size-xs-et","13":"pa_size-s-et","14":"pa_size-m-et","15":"pa_size-l-et","16":"pa_size-xl-et","18":"first","19":"outofstock","20":"purchasable","21":"product-type-variable"},"_links":{"self":[{"href":"https:\/\/mustrender.com\/et\/wp-json\/wp\/v2\/product\/27869","targetHints":{"allow":["GET"]}}],"collection":[{"href":"https:\/\/mustrender.com\/et\/wp-json\/wp\/v2\/product"}],"about":[{"href":"https:\/\/mustrender.com\/et\/wp-json\/wp\/v2\/types\/product"}],"replies":[{"embeddable":true,"href":"https:\/\/mustrender.com\/et\/wp-json\/wp\/v2\/comments?post=27869"}],"wp:featuredmedia":[{"embeddable":true,"href":"https:\/\/mustrender.com\/et\/wp-json\/wp\/v2\/media\/15225"}],"wp:attachment":[{"href":"https:\/\/mustrender.com\/et\/wp-json\/wp\/v2\/media?parent=27869"}],"wp:term":[{"taxonomy":"product_cat","embeddable":true,"href":"https:\/\/mustrender.com\/et\/wp-json\/wp\/v2\/product_cat?post=27869"},{"taxonomy":"product_tag","embeddable":true,"href":"https:\/\/mustrender.com\/et\/wp-json\/wp\/v2\/product_tag?post=27869"}],"curies":[{"name":"wp","href":"https:\/\/api.w.org\/{rel}","templated":true}]}}