{"id":27742,"date":"2024-09-27T07:29:12","date_gmt":"2024-09-27T04:29:12","guid":{"rendered":"https:\/\/mustrender.com\/product\/poollinased-puksid\/"},"modified":"2024-09-27T18:08:53","modified_gmt":"2024-09-27T15:08:53","slug":"poollinased-puksid","status":"publish","type":"product","link":"https:\/\/mustrender.com\/et\/toode\/poollinased-puksid\/","title":{"rendered":"Poollinased p\u00fcksid"},"content":{"rendered":"","protected":false},"excerpt":{"rendered":"<p><strong>Pomand\u00e9re<\/strong><\/p>\n<p>Puuvillast ja linasest p\u00fcksid<\/p>\n<ul>\n<li>kergelt laienev s\u00e4\u00e4reosa<\/li>\n<li>tagant kummiga v\u00f6\u00f6koht<\/li>\n<li>tagumised taskud ja k\u00fcljetaskud<\/li>\n<li>peidetud lukk ja n\u00e4htav n\u00f6\u00f6p<\/li>\n<li>vaba istuvus<\/li>\n<li>valmistatud Itaalias<\/li>\n<\/ul>\n","protected":false},"featured_media":33570,"comment_status":"closed","ping_status":"closed","template":"","meta":[],"product_cat":[1181,1526],"product_tag":[1508],"class_list":{"0":"post-27742","1":"product","2":"type-product","3":"status-publish","4":"has-post-thumbnail","6":"product_cat-outlet-et","7":"product_cat-puksid-ja-seelikud-2","8":"product_tag-pomandere-et","9":"pa_colour-vaarika-punane","10":"pa_composition-55-lina-45-lina","11":"pa_designer-colour-raspberry-et","12":"pa_size-xs-et","13":"pa_size-s-et","14":"pa_size-m-et","15":"pa_size-l-et","16":"pa_size-xl-et","18":"first","19":"instock","20":"purchasable","21":"product-type-variable"},"_links":{"self":[{"href":"https:\/\/mustrender.com\/et\/wp-json\/wp\/v2\/product\/27742","targetHints":{"allow":["GET"]}}],"collection":[{"href":"https:\/\/mustrender.com\/et\/wp-json\/wp\/v2\/product"}],"about":[{"href":"https:\/\/mustrender.com\/et\/wp-json\/wp\/v2\/types\/product"}],"replies":[{"embeddable":true,"href":"https:\/\/mustrender.com\/et\/wp-json\/wp\/v2\/comments?post=27742"}],"wp:featuredmedia":[{"embeddable":true,"href":"https:\/\/mustrender.com\/et\/wp-json\/wp\/v2\/media\/33570"}],"wp:attachment":[{"href":"https:\/\/mustrender.com\/et\/wp-json\/wp\/v2\/media?parent=27742"}],"wp:term":[{"taxonomy":"product_cat","embeddable":true,"href":"https:\/\/mustrender.com\/et\/wp-json\/wp\/v2\/product_cat?post=27742"},{"taxonomy":"product_tag","embeddable":true,"href":"https:\/\/mustrender.com\/et\/wp-json\/wp\/v2\/product_tag?post=27742"}],"curies":[{"name":"wp","href":"https:\/\/api.w.org\/{rel}","templated":true}]}}