{"id":27332,"date":"2024-09-27T07:49:35","date_gmt":"2024-09-27T04:49:35","guid":{"rendered":"https:\/\/mustrender.com\/product\/siidised-harem-puksid\/"},"modified":"2024-09-27T17:43:28","modified_gmt":"2024-09-27T14:43:28","slug":"siidised-harem-puksid","status":"publish","type":"product","link":"https:\/\/mustrender.com\/et\/toode\/siidised-harem-puksid\/","title":{"rendered":"Siidised harem p\u00fcksid"},"content":{"rendered":"","protected":false},"excerpt":{"rendered":"<p><strong>Alysi<\/strong><\/p>\n<p>Vabalt istuvad harem-stiilis siidp\u00fcksid<\/p>\n<ul>\n<li>elastne v\u00f6\u00f6koht ja v\u00f6\u00f6aasad<\/li>\n<li>ees topeltvolt<\/li>\n<li>v\u00f5ilillemuster<\/li>\n<li>valmistatud Itaalias<\/li>\n<\/ul>\n","protected":false},"featured_media":33607,"comment_status":"closed","ping_status":"closed","template":"","meta":[],"product_cat":[1181,1526],"product_tag":[1500],"class_list":{"0":"post-27332","1":"product","2":"type-product","3":"status-publish","4":"has-post-thumbnail","6":"product_cat-outlet-et","7":"product_cat-puksid-ja-seelikud-2","8":"product_tag-alysi-et","9":"pa_colour-heleroheline-muster","10":"pa_composition-100-siid-et","11":"pa_designer-colour-the-verde-et","12":"pa_size-xs-et","13":"pa_size-s-et","14":"pa_size-m-et","15":"pa_size-l-et","16":"pa_size-xl-et","18":"first","19":"instock","20":"purchasable","21":"product-type-variable"},"_links":{"self":[{"href":"https:\/\/mustrender.com\/et\/wp-json\/wp\/v2\/product\/27332","targetHints":{"allow":["GET"]}}],"collection":[{"href":"https:\/\/mustrender.com\/et\/wp-json\/wp\/v2\/product"}],"about":[{"href":"https:\/\/mustrender.com\/et\/wp-json\/wp\/v2\/types\/product"}],"replies":[{"embeddable":true,"href":"https:\/\/mustrender.com\/et\/wp-json\/wp\/v2\/comments?post=27332"}],"wp:featuredmedia":[{"embeddable":true,"href":"https:\/\/mustrender.com\/et\/wp-json\/wp\/v2\/media\/33607"}],"wp:attachment":[{"href":"https:\/\/mustrender.com\/et\/wp-json\/wp\/v2\/media?parent=27332"}],"wp:term":[{"taxonomy":"product_cat","embeddable":true,"href":"https:\/\/mustrender.com\/et\/wp-json\/wp\/v2\/product_cat?post=27332"},{"taxonomy":"product_tag","embeddable":true,"href":"https:\/\/mustrender.com\/et\/wp-json\/wp\/v2\/product_tag?post=27332"}],"curies":[{"name":"wp","href":"https:\/\/api.w.org\/{rel}","templated":true}]}}