{"id":2269,"date":"2024-01-11T19:13:54","date_gmt":"2024-01-11T16:13:54","guid":{"rendered":"http:\/\/mustrender.com\/mustrender\/"},"modified":"2025-07-15T16:00:13","modified_gmt":"2025-07-15T13:00:13","slug":"mustrender","status":"publish","type":"page","link":"https:\/\/mustrender.com\/et\/","title":{"rendered":"Mustrender"},"content":{"rendered":"\t\t<div data-elementor-type=\"wp-page\" data-elementor-id=\"2269\" class=\"elementor elementor-2269 elementor-231\" data-elementor-post-type=\"page\">\n\t\t\t\t\t\t<section class=\"elementor-section elementor-top-section elementor-element elementor-element-7323aaa elementor-section-height-min-height elementor-section-full_width elementor-section-height-default elementor-section-items-middle\" data-id=\"7323aaa\" data-element_type=\"section\">\n\t\t\t\t\t\t<div class=\"elementor-container elementor-column-gap-default\">\n\t\t\t\t\t<div class=\"elementor-column elementor-col-100 elementor-top-column elementor-element elementor-element-d913944\" data-id=\"d913944\" data-element_type=\"column\" data-settings=\"{&quot;background_background&quot;:&quot;gradient&quot;}\">\n\t\t\t<div class=\"elementor-widget-wrap elementor-element-populated\">\n\t\t\t\t\t\t<div class=\"elementor-element elementor-element-5e55656 elementor-widget elementor-widget-heading\" data-id=\"5e55656\" data-element_type=\"widget\" data-widget_type=\"heading.default\">\n\t\t\t\t<div class=\"elementor-widget-container\">\n\t\t\t<h2 class=\"elementor-heading-title elementor-size-default\"><a href=\"https:\/\/mustrender.com\/et\/tooted\/uued-tooted\/\">SUVINE ALLAHINDLUS<\/a><\/h2>\t\t<\/div>\n\t\t\t\t<\/div>\n\t\t\t\t\t<\/div>\n\t\t<\/div>\n\t\t\t\t\t<\/div>\n\t\t<\/section>\n\t\t\t\t<section class=\"elementor-section elementor-top-section elementor-element elementor-element-a078dc9 elementor-hidden-mobile elementor-hidden-tablet elementor-section-boxed elementor-section-height-default elementor-section-height-default\" data-id=\"a078dc9\" data-element_type=\"section\" data-settings=\"{&quot;background_background&quot;:&quot;classic&quot;}\">\n\t\t\t\t\t\t<div class=\"elementor-container elementor-column-gap-default\">\n\t\t\t\t\t<div class=\"elementor-column elementor-col-100 elementor-top-column elementor-element elementor-element-05d5f96\" data-id=\"05d5f96\" data-element_type=\"column\">\n\t\t\t<div class=\"elementor-widget-wrap elementor-element-populated\">\n\t\t\t\t\t\t<div class=\"elementor-element elementor-element-f7e179b elementor--h-position-left elementor--v-position-middle elementor-arrows-position-inside elementor-widget elementor-widget-slides\" data-id=\"f7e179b\" data-element_type=\"widget\" data-settings=\"{&quot;navigation&quot;:&quot;arrows&quot;,&quot;autoplay_speed&quot;:3500,&quot;autoplay&quot;:&quot;yes&quot;,&quot;pause_on_hover&quot;:&quot;yes&quot;,&quot;pause_on_interaction&quot;:&quot;yes&quot;,&quot;infinite&quot;:&quot;yes&quot;,&quot;transition&quot;:&quot;slide&quot;,&quot;transition_speed&quot;:500}\" data-widget_type=\"slides.default\">\n\t\t\t\t<div class=\"elementor-widget-container\">\n\t\t\t\t\t<div class=\"elementor-swiper\">\n\t\t\t<div class=\"elementor-slides-wrapper elementor-main-swiper swiper\" dir=\"ltr\" data-animation=\"fadeInUp\">\n\t\t\t\t<div class=\"swiper-wrapper elementor-slides\">\n\t\t\t\t\t\t\t\t\t\t<div class=\"elementor-repeater-item-aae10b4 swiper-slide\"><div class=\"swiper-slide-bg\" role=\"img\"><\/div><a class=\"swiper-slide-inner\" href=\"https:\/\/mustrender.com\/et\/zhelda\/\"><div class=\"swiper-slide-contents\"><\/div><\/a><\/div><div class=\"elementor-repeater-item-c19d60d swiper-slide\"><div class=\"swiper-slide-bg\" role=\"img\"><\/div><a class=\"swiper-slide-inner\" href=\"https:\/\/mustrender.com\/et\/pomandere\/\"><div class=\"swiper-slide-contents\"><\/div><\/a><\/div><div class=\"elementor-repeater-item-678ec31 swiper-slide\"><div class=\"swiper-slide-bg\" role=\"img\"><\/div><a class=\"swiper-slide-inner\" href=\"https:\/\/mustrender.com\/et\/phisique-du-role\/\"><div class=\"swiper-slide-contents\"><\/div><\/a><\/div><div class=\"elementor-repeater-item-5820c8d swiper-slide\"><div class=\"swiper-slide-bg\" role=\"img\"><\/div><a class=\"swiper-slide-inner\" href=\"https:\/\/mustrender.com\/et\/kimonorain\/\"><div class=\"swiper-slide-contents\"><\/div><\/a><\/div><div class=\"elementor-repeater-item-251afae swiper-slide\"><div class=\"swiper-slide-bg\" role=\"img\"><\/div><a class=\"swiper-slide-inner\" href=\"https:\/\/mustrender.com\/et\/alysi\/\"><div class=\"swiper-slide-contents\"><\/div><\/a><\/div><div class=\"elementor-repeater-item-7f1d610 swiper-slide\"><div class=\"swiper-slide-bg\" role=\"img\"><\/div><a class=\"swiper-slide-inner\" href=\"https:\/\/mustrender.com\/et\/shop\/?filters=brand%5B1889%5D\"><div class=\"swiper-slide-contents\"><\/div><\/a><\/div>\t\t\t\t<\/div>\n\t\t\t\t\t\t\t\t\t\t\t\t\t\t\t\t\t\t\t\t<div class=\"elementor-swiper-button elementor-swiper-button-prev\" role=\"button\" tabindex=\"0\">\n\t\t\t\t\t\t\t<svg aria-hidden=\"true\" class=\"e-font-icon-svg e-eicon-chevron-left\" viewBox=\"0 0 1000 1000\" xmlns=\"http:\/\/www.w3.org\/2000\/svg\"><path d=\"M646 125C629 125 613 133 604 142L308 442C296 454 292 471 292 487 292 504 296 521 308 533L604 854C617 867 629 875 646 875 663 875 679 871 692 858 704 846 713 829 713 812 713 796 708 779 692 767L438 487 692 225C700 217 708 204 708 187 708 171 704 154 692 142 675 129 663 125 646 125Z\"><\/path><\/svg>\t\t\t\t\t\t\t<span class=\"elementor-screen-only\">Previous slide<\/span>\n\t\t\t\t\t\t<\/div>\n\t\t\t\t\t\t<div class=\"elementor-swiper-button elementor-swiper-button-next\" role=\"button\" tabindex=\"0\">\n\t\t\t\t\t\t\t<svg aria-hidden=\"true\" class=\"e-font-icon-svg e-eicon-chevron-right\" viewBox=\"0 0 1000 1000\" xmlns=\"http:\/\/www.w3.org\/2000\/svg\"><path d=\"M696 533C708 521 713 504 713 487 713 471 708 454 696 446L400 146C388 133 375 125 354 125 338 125 325 129 313 142 300 154 292 171 292 187 292 204 296 221 308 233L563 492 304 771C292 783 288 800 288 817 288 833 296 850 308 863 321 871 338 875 354 875 371 875 388 867 400 854L696 533Z\"><\/path><\/svg>\t\t\t\t\t\t\t<span class=\"elementor-screen-only\">Next slide<\/span>\n\t\t\t\t\t\t<\/div>\n\t\t\t\t\t\t\t\t\t\t\t\t<\/div>\n\t\t<\/div>\n\t\t\t\t<\/div>\n\t\t\t\t<\/div>\n\t\t\t\t\t<\/div>\n\t\t<\/div>\n\t\t\t\t\t<\/div>\n\t\t<\/section>\n\t\t<div class=\"elementor-element elementor-element-71dcd55a elementor-hidden-desktop elementor-hidden-tablet elementor-hidden-mobile e-flex e-con-boxed e-con e-parent\" data-id=\"71dcd55a\" data-element_type=\"container\">\n\t\t\t\t\t<div class=\"e-con-inner\">\n\t\t<a class=\"eael-wrapper-link-12efde22 --eael-wrapper-link-tag\" href=\"\/et\/tooted\/joped-ja-jakid\/\"><\/a><div data-eael-wrapper-link=\"eael-wrapper-link-12efde22\" class=\"elementor-element elementor-element-12efde22 e-con-full e-flex e-con e-child\" data-id=\"12efde22\" data-element_type=\"container\" data-settings=\"{&quot;background_background&quot;:&quot;classic&quot;}\">\n\t\t\t\t<div class=\"elementor-element elementor-element-204447a0 elementor-align-center elementor-widget elementor-widget-button\" data-id=\"204447a0\" data-element_type=\"widget\" data-widget_type=\"button.default\">\n\t\t\t\t<div class=\"elementor-widget-container\">\n\t\t\t\t\t<div class=\"elementor-button-wrapper\">\n\t\t\t<a class=\"elementor-button elementor-button-link elementor-size-sm\" href=\"\/et\/tooted\/joped-ja-jakid\/\">\n\t\t\t\t\t\t<span class=\"elementor-button-content-wrapper\">\n\t\t\t\t\t\t\t\t\t<span class=\"elementor-button-text\">Joped ja jakid<\/span>\n\t\t\t\t\t<\/span>\n\t\t\t\t\t<\/a>\n\t\t<\/div>\n\t\t\t\t<\/div>\n\t\t\t\t<\/div>\n\t\t\t\t<\/div>\n\t\t<a class=\"eael-wrapper-link-71d746de --eael-wrapper-link-tag\" href=\"\/et\/tooted\/kudumid-ja-vestid\/\"><\/a><div data-eael-wrapper-link=\"eael-wrapper-link-71d746de\" class=\"elementor-element elementor-element-71d746de e-con-full e-flex e-con e-child\" data-id=\"71d746de\" data-element_type=\"container\" data-settings=\"{&quot;background_background&quot;:&quot;classic&quot;}\">\n\t\t\t\t<div class=\"elementor-element elementor-element-3f31fb28 elementor-align-center elementor-widget elementor-widget-button\" data-id=\"3f31fb28\" data-element_type=\"widget\" data-widget_type=\"button.default\">\n\t\t\t\t<div class=\"elementor-widget-container\">\n\t\t\t\t\t<div class=\"elementor-button-wrapper\">\n\t\t\t<a class=\"elementor-button elementor-button-link elementor-size-sm\" href=\"\/et\/tooted\/kudumid-ja-vestid\/\">\n\t\t\t\t\t\t<span class=\"elementor-button-content-wrapper\">\n\t\t\t\t\t\t\t\t\t<span class=\"elementor-button-text\">Kudumid ja vestid<\/span>\n\t\t\t\t\t<\/span>\n\t\t\t\t\t<\/a>\n\t\t<\/div>\n\t\t\t\t<\/div>\n\t\t\t\t<\/div>\n\t\t\t\t<\/div>\n\t\t<a class=\"eael-wrapper-link-712a4831 --eael-wrapper-link-tag\" href=\"\/et\/tooted\/puksid-ja-seelikud\/\"><\/a><div data-eael-wrapper-link=\"eael-wrapper-link-712a4831\" class=\"elementor-element elementor-element-712a4831 e-con-full e-flex e-con e-child\" data-id=\"712a4831\" data-element_type=\"container\" data-settings=\"{&quot;background_background&quot;:&quot;classic&quot;}\">\n\t\t\t\t<div class=\"elementor-element elementor-element-592fc641 elementor-align-center elementor-widget elementor-widget-button\" data-id=\"592fc641\" data-element_type=\"widget\" data-widget_type=\"button.default\">\n\t\t\t\t<div class=\"elementor-widget-container\">\n\t\t\t\t\t<div class=\"elementor-button-wrapper\">\n\t\t\t<a class=\"elementor-button elementor-button-link elementor-size-sm\" href=\"\/et\/tooted\/puksid-ja-seelikud\/\">\n\t\t\t\t\t\t<span class=\"elementor-button-content-wrapper\">\n\t\t\t\t\t\t\t\t\t<span class=\"elementor-button-text\">P\u00fcksid ja seelikud<\/span>\n\t\t\t\t\t<\/span>\n\t\t\t\t\t<\/a>\n\t\t<\/div>\n\t\t\t\t<\/div>\n\t\t\t\t<\/div>\n\t\t\t\t<\/div>\n\t\t<a class=\"eael-wrapper-link-15c5a77c --eael-wrapper-link-tag\" href=\"\/et\/tooted\/pluusid-ja-t-sargid\/\"><\/a><div data-eael-wrapper-link=\"eael-wrapper-link-15c5a77c\" class=\"elementor-element elementor-element-15c5a77c e-con-full e-flex e-con e-child\" data-id=\"15c5a77c\" data-element_type=\"container\" data-settings=\"{&quot;background_background&quot;:&quot;classic&quot;}\">\n\t\t\t\t<div class=\"elementor-element elementor-element-3ec427f elementor-align-center elementor-widget elementor-widget-button\" data-id=\"3ec427f\" data-element_type=\"widget\" data-widget_type=\"button.default\">\n\t\t\t\t<div class=\"elementor-widget-container\">\n\t\t\t\t\t<div class=\"elementor-button-wrapper\">\n\t\t\t<a class=\"elementor-button elementor-button-link elementor-size-sm\" href=\"\/et\/tooted\/pluusid-ja-t-sargid\/\">\n\t\t\t\t\t\t<span class=\"elementor-button-content-wrapper\">\n\t\t\t\t\t\t\t\t\t<span class=\"elementor-button-text\">Pluusid ja t-s\u00e4rgid<\/span>\n\t\t\t\t\t<\/span>\n\t\t\t\t\t<\/a>\n\t\t<\/div>\n\t\t\t\t<\/div>\n\t\t\t\t<\/div>\n\t\t\t\t<\/div>\n\t\t<a class=\"eael-wrapper-link-2947f804 --eael-wrapper-link-tag\" href=\"\/et\/tooted\/kleidid\/\"><\/a><div data-eael-wrapper-link=\"eael-wrapper-link-2947f804\" class=\"elementor-element elementor-element-2947f804 e-con-full e-flex e-con e-child\" data-id=\"2947f804\" data-element_type=\"container\" data-settings=\"{&quot;background_background&quot;:&quot;classic&quot;}\">\n\t\t\t\t<div class=\"elementor-element elementor-element-6adbfe1 elementor-align-center elementor-widget elementor-widget-button\" data-id=\"6adbfe1\" data-element_type=\"widget\" data-widget_type=\"button.default\">\n\t\t\t\t<div class=\"elementor-widget-container\">\n\t\t\t\t\t<div class=\"elementor-button-wrapper\">\n\t\t\t<a class=\"elementor-button elementor-button-link elementor-size-sm\" href=\"\/et\/tooted\/kleidid\/\">\n\t\t\t\t\t\t<span class=\"elementor-button-content-wrapper\">\n\t\t\t\t\t\t\t\t\t<span class=\"elementor-button-text\">Kleidid<\/span>\n\t\t\t\t\t<\/span>\n\t\t\t\t\t<\/a>\n\t\t<\/div>\n\t\t\t\t<\/div>\n\t\t\t\t<\/div>\n\t\t\t\t<\/div>\n\t\t<a class=\"eael-wrapper-link-232e4bea --eael-wrapper-link-tag\" href=\"\/et\/tooted\/jalatsid-ja-aksessuaarid\/\"><\/a><div data-eael-wrapper-link=\"eael-wrapper-link-232e4bea\" class=\"elementor-element elementor-element-232e4bea e-con-full e-flex e-con e-child\" data-id=\"232e4bea\" data-element_type=\"container\" data-settings=\"{&quot;background_background&quot;:&quot;classic&quot;}\">\n\t\t\t\t<div class=\"elementor-element elementor-element-7b71d581 elementor-align-center elementor-widget elementor-widget-button\" data-id=\"7b71d581\" data-element_type=\"widget\" data-widget_type=\"button.default\">\n\t\t\t\t<div class=\"elementor-widget-container\">\n\t\t\t\t\t<div class=\"elementor-button-wrapper\">\n\t\t\t<a class=\"elementor-button elementor-button-link elementor-size-sm\" href=\"\/et\/tooted\/jalatsid-ja-aksessuaarid\/\">\n\t\t\t\t\t\t<span class=\"elementor-button-content-wrapper\">\n\t\t\t\t\t\t\t\t\t<span class=\"elementor-button-text\">Jalatsid ja aksessuaarid<\/span>\n\t\t\t\t\t<\/span>\n\t\t\t\t\t<\/a>\n\t\t<\/div>\n\t\t\t\t<\/div>\n\t\t\t\t<\/div>\n\t\t\t\t<\/div>\n\t\t\t\t\t<\/div>\n\t\t\t\t<\/div>\n\t\t\t\t<section class=\"elementor-section elementor-top-section elementor-element elementor-element-5165668 elementor-section-boxed elementor-section-height-default elementor-section-height-default\" data-id=\"5165668\" data-element_type=\"section\">\n\t\t\t\t\t\t<div class=\"elementor-container elementor-column-gap-default\">\n\t\t\t\t\t<div class=\"elementor-column elementor-col-100 elementor-top-column elementor-element elementor-element-7c15913\" data-id=\"7c15913\" data-element_type=\"column\">\n\t\t\t<div class=\"elementor-widget-wrap elementor-element-populated\">\n\t\t\t\t\t\t<div class=\"elementor-element elementor-element-333cf7b elementor-widget elementor-widget-heading\" data-id=\"333cf7b\" data-element_type=\"widget\" data-widget_type=\"heading.default\">\n\t\t\t\t<div class=\"elementor-widget-container\">\n\t\t\t<h2 class=\"elementor-heading-title elementor-size-default\">Mustrender \u2013 kvaliteetsed disainerr\u00f5ivad naistele<\/h2>\t\t<\/div>\n\t\t\t\t<\/div>\n\t\t\t\t<div class=\"elementor-element elementor-element-fd08837 elementor-widget-mobile__width-inherit elementor-widget elementor-widget-text-editor\" data-id=\"fd08837\" data-element_type=\"widget\" data-widget_type=\"text-editor.default\">\n\t\t\t\t<div class=\"elementor-widget-container\">\n\t\t\t\t\t\t\t<p>Meie missioon on esile tuua t\u00e4rkavaid naistemoe br\u00e4nde ja disainereid, kellel on huvitav<br \/>lugu v\u00f5i s\u00f5num ning kes v\u00e4\u00e4rtustavad meilegi olulist: kvaliteeti, j\u00e4tkusuutlikkust ja<br \/>aeglast moodi. Mustrender e-pood on loodud isikup\u00e4rastele moehuvilistele, kes<br \/>hoolivad keskkonnast ja hindavad kvaliteeti.<\/p>\t\t\t\t\t\t<\/div>\n\t\t\t\t<\/div>\n\t\t\t\t\t<\/div>\n\t\t<\/div>\n\t\t\t\t\t<\/div>\n\t\t<\/section>\n\t\t\t\t<section class=\"elementor-section elementor-top-section elementor-element elementor-element-7c21b8f elementor-section-boxed elementor-section-height-default elementor-section-height-default\" data-id=\"7c21b8f\" data-element_type=\"section\">\n\t\t\t\t\t\t<div class=\"elementor-container elementor-column-gap-default\">\n\t\t\t\t\t<div class=\"elementor-column elementor-col-100 elementor-top-column elementor-element elementor-element-57f4fff\" data-id=\"57f4fff\" data-element_type=\"column\">\n\t\t\t<div class=\"elementor-widget-wrap elementor-element-populated\">\n\t\t\t\t\t\t<div class=\"elementor-element elementor-element-28ce04d elementor-widget elementor-widget-heading\" data-id=\"28ce04d\" data-element_type=\"widget\" data-widget_type=\"heading.default\">\n\t\t\t\t<div class=\"elementor-widget-container\">\n\t\t\t<h2 class=\"elementor-heading-title elementor-size-default\">BLOG<\/h2>\t\t<\/div>\n\t\t\t\t<\/div>\n\t\t\t\t<div class=\"elementor-element elementor-element-2c20d44 elementor-grid-3 elementor-grid-tablet-2 elementor-grid-mobile-1 elementor-widget elementor-widget-portfolio\" data-id=\"2c20d44\" data-element_type=\"widget\" data-settings=\"{&quot;row_gap&quot;:{&quot;unit&quot;:&quot;px&quot;,&quot;size&quot;:20,&quot;sizes&quot;:[]},&quot;columns&quot;:&quot;3&quot;,&quot;columns_tablet&quot;:&quot;2&quot;,&quot;columns_mobile&quot;:&quot;1&quot;,&quot;item_ratio&quot;:{&quot;unit&quot;:&quot;px&quot;,&quot;size&quot;:0.66000000000000003108624468950438313186168670654296875,&quot;sizes&quot;:[]},&quot;item_gap&quot;:{&quot;unit&quot;:&quot;px&quot;,&quot;size&quot;:&quot;&quot;,&quot;sizes&quot;:[]}}\" data-widget_type=\"portfolio.default\">\n\t\t\t\t<div class=\"elementor-widget-container\">\n\t\t\t\t\t<div class=\"elementor-portfolio elementor-grid elementor-posts-container\">\n\t\t\t\t<article class=\"elementor-portfolio-item elementor-post elementor-filter-1 post-19440 post type-post status-publish format-standard has-post-thumbnail hentry category-maaratlemata\">\n\t\t\t<a class=\"elementor-post__thumbnail__link\" href=\"https:\/\/mustrender.com\/et\/linane\/\">\n\t\t\t\t<div class=\"elementor-portfolio-item__img elementor-post__thumbnail\">\n\t\t\t<img fetchpriority=\"high\" decoding=\"async\" width=\"1200\" height=\"628\" src=\"https:\/\/mustrender.com\/wp-content\/uploads\/2024\/05\/lina-mix.png\" class=\"attachment-full size-full wp-image-19163\" alt=\"\" srcset=\"https:\/\/mustrender.com\/wp-content\/uploads\/2024\/05\/lina-mix.png 1200w, https:\/\/mustrender.com\/wp-content\/uploads\/2024\/05\/lina-mix-768x402.png 768w\" sizes=\"(max-width: 1200px) 100vw, 1200px\" \/>\t\t<\/div>\n\t\t\t\t<div class=\"elementor-portfolio-item__overlay\">\n\t\t\t\t<h3 class=\"elementor-portfolio-item__title\">\n\t\tLINANE KANGAS &#8211; mugav ja elegantne\t\t<\/h3>\n\t\t\t\t<\/div>\n\t\t\t\t<\/a>\n\t\t<\/article>\n\t\t\t\t<article class=\"elementor-portfolio-item elementor-post elementor-filter-4 post-18100 post type-post status-publish format-standard has-post-thumbnail hentry category-uncategorized-et\">\n\t\t\t<a class=\"elementor-post__thumbnail__link\" href=\"https:\/\/mustrender.com\/et\/guabello-1815\/\">\n\t\t\t\t<div class=\"elementor-portfolio-item__img elementor-post__thumbnail\">\n\t\t\t<img decoding=\"async\" width=\"1184\" height=\"812\" src=\"https:\/\/mustrender.com\/wp-content\/uploads\/2024\/04\/guabello.jpg\" class=\"attachment-full size-full wp-image-18095\" alt=\"\" srcset=\"https:\/\/mustrender.com\/wp-content\/uploads\/2024\/04\/guabello.jpg 1184w, https:\/\/mustrender.com\/wp-content\/uploads\/2024\/04\/guabello-768x527.jpg 768w\" sizes=\"(max-width: 1184px) 100vw, 1184px\" \/>\t\t<\/div>\n\t\t\t\t<div class=\"elementor-portfolio-item__overlay\">\n\t\t\t\t<h3 class=\"elementor-portfolio-item__title\">\n\t\tGUABELLO 1815\t\t<\/h3>\n\t\t\t\t<\/div>\n\t\t\t\t<\/a>\n\t\t<\/article>\n\t\t\t\t<article class=\"elementor-portfolio-item elementor-post elementor-filter-4 post-3756 post type-post status-publish format-standard has-post-thumbnail hentry category-uncategorized-et\">\n\t\t\t<a class=\"elementor-post__thumbnail__link\" href=\"https:\/\/mustrender.com\/et\/oeko-tex\/\">\n\t\t\t\t<div class=\"elementor-portfolio-item__img elementor-post__thumbnail\">\n\t\t\t<img decoding=\"async\" width=\"1000\" height=\"750\" src=\"https:\/\/mustrender.com\/wp-content\/uploads\/2024\/03\/Oeko-Tex.jpg\" class=\"attachment-full size-full wp-image-3747\" alt=\"\" srcset=\"https:\/\/mustrender.com\/wp-content\/uploads\/2024\/03\/Oeko-Tex.jpg 1000w, https:\/\/mustrender.com\/wp-content\/uploads\/2024\/03\/Oeko-Tex-768x576.jpg 768w\" sizes=\"(max-width: 1000px) 100vw, 1000px\" \/>\t\t<\/div>\n\t\t\t\t<div class=\"elementor-portfolio-item__overlay\">\n\t\t\t\t<h3 class=\"elementor-portfolio-item__title\">\n\t\tOEKO-TEX\u00ae\t\t<\/h3>\n\t\t\t\t<\/div>\n\t\t\t\t<\/a>\n\t\t<\/article>\n\t\t\t\t<article class=\"elementor-portfolio-item elementor-post elementor-filter-5 post-3740 post type-post status-publish format-standard has-post-thumbnail hentry category-non-categorizzato\">\n\t\t\t<a class=\"elementor-post__thumbnail__link\" href=\"https:\/\/mustrender.com\/et\/icea\/\">\n\t\t\t\t<div class=\"elementor-portfolio-item__img elementor-post__thumbnail\">\n\t\t\t<img loading=\"lazy\" decoding=\"async\" width=\"384\" height=\"384\" src=\"https:\/\/mustrender.com\/wp-content\/uploads\/2024\/03\/8810c5a282e8a460c8ba19d369390e4f43e9387f-md-noborder-ezgif.com-webp-to-jpg-converter.jpg\" class=\"attachment-full size-full wp-image-3731\" alt=\"\" srcset=\"https:\/\/mustrender.com\/wp-content\/uploads\/2024\/03\/8810c5a282e8a460c8ba19d369390e4f43e9387f-md-noborder-ezgif.com-webp-to-jpg-converter.jpg 384w, https:\/\/mustrender.com\/wp-content\/uploads\/2024\/03\/8810c5a282e8a460c8ba19d369390e4f43e9387f-md-noborder-ezgif.com-webp-to-jpg-converter-100x100.jpg 100w\" sizes=\"(max-width: 384px) 100vw, 384px\" \/>\t\t<\/div>\n\t\t\t\t<div class=\"elementor-portfolio-item__overlay\">\n\t\t\t\t<h3 class=\"elementor-portfolio-item__title\">\n\t\tICEA\t\t<\/h3>\n\t\t\t\t<\/div>\n\t\t\t\t<\/a>\n\t\t<\/article>\n\t\t\t\t<article class=\"elementor-portfolio-item elementor-post elementor-filter-4 post-3725 post type-post status-publish format-standard has-post-thumbnail hentry category-uncategorized-et\">\n\t\t\t<a class=\"elementor-post__thumbnail__link\" href=\"https:\/\/mustrender.com\/et\/the-gots\/\">\n\t\t\t\t<div class=\"elementor-portfolio-item__img elementor-post__thumbnail\">\n\t\t\t<img loading=\"lazy\" decoding=\"async\" width=\"2560\" height=\"1112\" src=\"https:\/\/mustrender.com\/wp-content\/uploads\/2024\/03\/gots-scaled.jpeg\" class=\"attachment-full size-full wp-image-3711\" alt=\"\" srcset=\"https:\/\/mustrender.com\/wp-content\/uploads\/2024\/03\/gots-scaled.jpeg 2560w, https:\/\/mustrender.com\/wp-content\/uploads\/2024\/03\/gots-scaled-768x334.jpeg 768w, https:\/\/mustrender.com\/wp-content\/uploads\/2024\/03\/gots-scaled-1536x667.jpeg 1536w, https:\/\/mustrender.com\/wp-content\/uploads\/2024\/03\/gots-scaled-2048x890.jpeg 2048w\" sizes=\"(max-width: 2560px) 100vw, 2560px\" \/>\t\t<\/div>\n\t\t\t\t<div class=\"elementor-portfolio-item__overlay\">\n\t\t\t\t<h3 class=\"elementor-portfolio-item__title\">\n\t\tThe &#8220;GOTS&#8221;\t\t<\/h3>\n\t\t\t\t<\/div>\n\t\t\t\t<\/a>\n\t\t<\/article>\n\t\t\t\t<article class=\"elementor-portfolio-item elementor-post elementor-filter-5 post-3702 post type-post status-publish format-standard has-post-thumbnail hentry category-non-categorizzato\">\n\t\t\t<a class=\"elementor-post__thumbnail__link\" href=\"https:\/\/mustrender.com\/et\/european-flax\/\">\n\t\t\t\t<div class=\"elementor-portfolio-item__img elementor-post__thumbnail\">\n\t\t\t<img loading=\"lazy\" decoding=\"async\" width=\"1184\" height=\"812\" src=\"https:\/\/mustrender.com\/wp-content\/uploads\/2024\/03\/certification-European-Flax\u2122-.jpg\" class=\"attachment-full size-full wp-image-3697\" alt=\"\" srcset=\"https:\/\/mustrender.com\/wp-content\/uploads\/2024\/03\/certification-European-Flax\u2122-.jpg 1184w, https:\/\/mustrender.com\/wp-content\/uploads\/2024\/03\/certification-European-Flax\u2122--768x527.jpg 768w\" sizes=\"(max-width: 1184px) 100vw, 1184px\" \/>\t\t<\/div>\n\t\t\t\t<div class=\"elementor-portfolio-item__overlay\">\n\t\t\t\t<h3 class=\"elementor-portfolio-item__title\">\n\t\tEuropean Flax\t\t<\/h3>\n\t\t\t\t<\/div>\n\t\t\t\t<\/a>\n\t\t<\/article>\n\t\t\t\t<\/div>\n\t\t\t\t<\/div>\n\t\t\t\t<\/div>\n\t\t\t\t\t<\/div>\n\t\t<\/div>\n\t\t\t\t\t<\/div>\n\t\t<\/section>\n\t\t\t\t<\/div>\n\t\t","protected":false},"excerpt":{"rendered":"<p>SUVINE ALLAHINDLUS Previous slide Next slide Joped ja jakid Kudumid ja vestid P\u00fcksid ja seelikud Pluusid ja t-s\u00e4rgid Kleidid Jalatsid ja aksessuaarid Mustrender \u2013 kvaliteetsed disainerr\u00f5ivad naistele Meie missioon on esile tuua t\u00e4rkavaid naistemoe br\u00e4nde ja disainereid, kellel on huvitavlugu v\u00f5i s\u00f5num ning kes v\u00e4\u00e4rtustavad meilegi olulist: kvaliteeti, j\u00e4tkusuutlikkust jaaeglast moodi. Mustrender e-pood on loodud [&hellip;]<\/p>\n","protected":false},"author":3,"featured_media":0,"parent":0,"menu_order":0,"comment_status":"closed","ping_status":"closed","template":"","meta":{"footnotes":""},"class_list":["post-2269","page","type-page","status-publish","hentry"],"_links":{"self":[{"href":"https:\/\/mustrender.com\/et\/wp-json\/wp\/v2\/pages\/2269","targetHints":{"allow":["GET"]}}],"collection":[{"href":"https:\/\/mustrender.com\/et\/wp-json\/wp\/v2\/pages"}],"about":[{"href":"https:\/\/mustrender.com\/et\/wp-json\/wp\/v2\/types\/page"}],"author":[{"embeddable":true,"href":"https:\/\/mustrender.com\/et\/wp-json\/wp\/v2\/users\/3"}],"replies":[{"embeddable":true,"href":"https:\/\/mustrender.com\/et\/wp-json\/wp\/v2\/comments?post=2269"}],"version-history":[{"count":5,"href":"https:\/\/mustrender.com\/et\/wp-json\/wp\/v2\/pages\/2269\/revisions"}],"predecessor-version":[{"id":35527,"href":"https:\/\/mustrender.com\/et\/wp-json\/wp\/v2\/pages\/2269\/revisions\/35527"}],"wp:attachment":[{"href":"https:\/\/mustrender.com\/et\/wp-json\/wp\/v2\/media?parent=2269"}],"curies":[{"name":"wp","href":"https:\/\/api.w.org\/{rel}","templated":true}]}}